{"id":515,"date":"2025-03-13T13:36:10","date_gmt":"2025-03-13T16:36:10","guid":{"rendered":"https:\/\/lp.sbfa.org.br\/cbfa2025\/?page_id=515"},"modified":"2025-03-31T12:37:08","modified_gmt":"2025-03-31T15:37:08","slug":"o-evento","status":"publish","type":"page","link":"https:\/\/lp.sbfa.org.br\/cbfa2025\/o-evento\/","title":{"rendered":"O Evento"},"content":{"rendered":"\t\t<div data-elementor-type=\"wp-page\" data-elementor-id=\"515\" class=\"elementor elementor-515\" data-elementor-post-type=\"page\">\n\t\t\t\t<div class=\"elementor-element elementor-element-4b03598 e-flex e-con-boxed e-con e-parent\" data-id=\"4b03598\" data-element_type=\"container\" data-settings=\"{&quot;background_background&quot;:&quot;classic&quot;,&quot;jet_parallax_layout_list&quot;:[]}\">\n\t\t\t\t\t<div class=\"e-con-inner\">\n\t\t<div class=\"elementor-element elementor-element-571ec37 e-con-full e-flex e-con e-child\" data-id=\"571ec37\" data-element_type=\"container\" data-settings=\"{&quot;jet_parallax_layout_list&quot;:[]}\">\n\t\t\t\t<div class=\"elementor-element elementor-element-3869c44 elementor-widget elementor-widget-heading\" data-id=\"3869c44\" data-element_type=\"widget\" data-widget_type=\"heading.default\">\n\t\t\t\t<div class=\"elementor-widget-container\">\n\t\t\t\t\t<h1 class=\"elementor-heading-title elementor-size-default\">O Evento<\/h1>\t\t\t\t<\/div>\n\t\t\t\t<\/div>\n\t\t\t\t<\/div>\n\t\t\t\t\t<\/div>\n\t\t\t\t<\/div>\n\t\t<div class=\"elementor-element elementor-element-1262969 e-flex e-con-boxed e-con e-parent\" data-id=\"1262969\" data-element_type=\"container\" data-settings=\"{&quot;jet_parallax_layout_list&quot;:[]}\">\n\t\t\t\t\t<div class=\"e-con-inner\">\n\t\t\t\t<div class=\"elementor-element elementor-element-fe5092b elementor-widget elementor-widget-heading\" data-id=\"fe5092b\" data-element_type=\"widget\" data-widget_type=\"heading.default\">\n\t\t\t\t<div class=\"elementor-widget-container\">\n\t\t\t\t\t<h2 class=\"elementor-heading-title elementor-size-default\">CBFa 2025: A Maior<br> Experi\u00eancia da Fonoaudiologia<\/h2>\t\t\t\t<\/div>\n\t\t\t\t<\/div>\n\t\t\t\t<div class=\"elementor-element elementor-element-5cd1f77 elementor-widget elementor-widget-text-editor\" data-id=\"5cd1f77\" data-element_type=\"widget\" data-widget_type=\"text-editor.default\">\n\t\t\t\t<div class=\"elementor-widget-container\">\n\t\t\t\t\t\t\t\t\t33\u00ba Congresso Brasileiro de Fonoaudiologia (CBFa 2025)\t\t\t\t\t\t\t\t<\/div>\n\t\t\t\t<\/div>\n\t\t<div class=\"elementor-element elementor-element-48bf27f e-flex e-con-boxed e-con e-child\" data-id=\"48bf27f\" data-element_type=\"container\" data-settings=\"{&quot;jet_parallax_layout_list&quot;:[]}\">\n\t\t\t\t\t<div class=\"e-con-inner\">\n\t\t\t\t<div class=\"elementor-element elementor-element-12ac4cf elementor-widget elementor-widget-text-editor\" data-id=\"12ac4cf\" data-element_type=\"widget\" data-widget_type=\"text-editor.default\">\n\t\t\t\t<div class=\"elementor-widget-container\">\n\t\t\t\t\t\t\t\t\t<p><span style=\"font-weight: 400;\">O <\/span><b>33\u00ba Congresso Brasileiro de Fonoaudiologia (CBFa 2025)<\/b><span style=\"font-weight: 400;\"> ser\u00e1 um marco na hist\u00f3ria da Fonoaudiologia, oferecendo uma experi\u00eancia \u00fanica para profissionais, estudantes e especialistas da \u00e1rea. Em 2025, convidamos voc\u00ea a se juntar a n\u00f3s em uma jornada transformadora que une <\/span><b>ci\u00eancia<\/b><span style=\"font-weight: 400;\">, <\/span><b>inova\u00e7\u00e3o<\/b><span style=\"font-weight: 400;\"> e <\/span><b>pr\u00e1tica cl\u00ednica<\/b><span style=\"font-weight: 400;\">, para impulsionar o futuro da sua carreira e da Fonoaudiologia.<\/span><\/p><p><b>Conecte-se, Inspire-se e Transforme-se<\/b><span style=\"font-weight: 400;\"> s\u00e3o os pilares que ir\u00e3o guiar nossa jornada. Este evento ser\u00e1 muito mais do que um congresso; ser\u00e1 uma experi\u00eancia imersiva que ampliar\u00e1 seus horizontes, conectando voc\u00ea com as mais recentes inova\u00e7\u00f5es e descobertas cient\u00edficas, ao mesmo tempo em que proporciona uma troca rica de conhecimentos com especialistas de todo o Brasil e do mundo.<\/span><\/p><p><b>Transforme Sua Pr\u00e1tica no CBFa 2025<\/b><b><br \/><\/b><span style=\"font-weight: 400;\">Em 2025, o CBFa crescer\u00e1 exponencialmente. O evento ser\u00e1 realizado no <\/span><b>Transamerica Expo Center<\/b><span style=\"font-weight: 400;\">, em S\u00e3o Paulo, um moderno centro de eventos, com <\/span><b>19.813 m\u00b2<\/b><span style=\"font-weight: 400;\"> de espa\u00e7o, abrigando <\/span><b>23 salas de confer\u00eancias<\/b><span style=\"font-weight: 400;\">, <\/span><b>3 novas arenas tem\u00e1ticas<\/b><span style=\"font-weight: 400;\">, e <\/span><b>3 ecossistemas interativos<\/b><span style=\"font-weight: 400;\"> dedicados \u00e0s \u00e1reas de <\/span><b>Audiologia<\/b><span style=\"font-weight: 400;\">, <\/span><b>Disfagia<\/b><span style=\"font-weight: 400;\"> e <\/span><b>Comunica\u00e7\u00e3o Alternativa<\/b><span style=\"font-weight: 400;\">. Este ser\u00e1 um ambiente din\u00e2mico, onde <\/span><b>marcas<\/b><span style=\"font-weight: 400;\">, <\/span><b>ci\u00eancia<\/b><span style=\"font-weight: 400;\"> e <\/span><b>pr\u00e1tica<\/b><span style=\"font-weight: 400;\"> se encontrar\u00e3o para proporcionar uma experi\u00eancia envolvente e enriquecedora.<\/span><\/p><p><b>Mais de 400 Atividades e Novidades Incr\u00edveis<\/b><b><br \/><\/b><span style=\"font-weight: 400;\">Com mais de <\/span><b>400 atividades programadas<\/b><span style=\"font-weight: 400;\">, incluindo palestras, workshops e simp\u00f3sios, o CBFa 2025 ser\u00e1 o evento mais completo da hist\u00f3ria da Fonoaudiologia. Al\u00e9m disso, os participantes poder\u00e3o se beneficiar da <\/span><b>EXPOCBFa<\/b><span style=\"font-weight: 400;\">, nossa feira de exposi\u00e7\u00e3o, onde ter\u00e3o acesso a novas tecnologias, produtos e solu\u00e7\u00f5es inovadoras para aprimorar sua pr\u00e1tica cl\u00ednica. O evento ser\u00e1 <\/span><b>100% presencial<\/b><span style=\"font-weight: 400;\">, proporcionando uma experi\u00eancia imersiva e direta com os especialistas e novidades do setor.<\/span><\/p><p><b>Conecte-se com Profissionais e Empresas L\u00edderes<\/b><b><br \/><\/b><span style=\"font-weight: 400;\"> Este \u00e9 o momento ideal para <\/span><b>conectar-se<\/b><span style=\"font-weight: 400;\"> com uma comunidade vibrante de fonoaudi\u00f3logos, empresas do setor e profissionais multidisciplinares. Estabele\u00e7a la\u00e7os, compartilhe experi\u00eancias e amplie suas possibilidades de <\/span><b>networking<\/b><span style=\"font-weight: 400;\"> com os maiores especialistas da \u00e1rea. Al\u00e9m disso, o evento contar\u00e1 com <\/span><b>novos expositores<\/b><span style=\"font-weight: 400;\">, ampliando ainda mais suas oportunidades de aprendizado e contato com as \u00faltimas inova\u00e7\u00f5es da Fonoaudiologia.<\/span><\/p><p><b>Acessibilidade e Sustentabilidade<\/b><b><br \/><\/b><span style=\"font-weight: 400;\">Nosso compromisso com a <\/span><b>acessibilidade<\/b><span style=\"font-weight: 400;\"> e <\/span><b>sustentabilidade<\/b><span style=\"font-weight: 400;\"> \u00e9 essencial. O CBFa 2025 contar\u00e1 com acessos e banheiros adaptados para garantir uma experi\u00eancia inclusiva para todos os participantes. Tamb\u00e9m estamos implementando iniciativas sustent\u00e1veis para minimizar o impacto ambiental do evento, alinhando inova\u00e7\u00e3o e responsabilidade.<\/span><\/p><p><b>Viva uma Experi\u00eancia \u00danica em S\u00e3o Paulo<\/b><b><br \/><\/b><span style=\"font-weight: 400;\">S\u00e3o Paulo \u00e9 a maior metr\u00f3pole do Brasil, oferecendo uma infinidade de atra\u00e7\u00f5es culturais, gastron\u00f4micas e de entretenimento. Aproveite sua estadia para explorar a cidade enquanto participa do maior evento de Fonoaudiologia do pa\u00eds. Com diversas op\u00e7\u00f5es de lazer, S\u00e3o Paulo ser\u00e1 o cen\u00e1rio perfeito para expandir seus conhecimentos e vivenciar momentos inesquec\u00edveis.<\/span><\/p><p><b>Viva o CBFa 2025!<\/b><b><br \/><\/b><span style=\"font-weight: 400;\">Em 2025, o CBFa ser\u00e1 mais do que um congresso, ser\u00e1 a maior experi\u00eancia de Fonoaudiologia da sua vida! <\/span><b>Conecte-se, Inspire-se<\/b><span style=\"font-weight: 400;\"> e <\/span><b>transforme-se<\/b><span style=\"font-weight: 400;\"> com a gente! Juntos, vamos construir o presente e o futuro da Fonoaudiologia, impactando a vida das pessoas e ampliando as fronteiras do conhecimento.<\/span><\/p><p><b>Garanta sua vaga agora e viva a transforma\u00e7\u00e3o no CBFa 2025!<\/b><\/p>\t\t\t\t\t\t\t\t<\/div>\n\t\t\t\t<\/div>\n\t\t\t\t\t<\/div>\n\t\t\t\t<\/div>\n\t\t\t\t\t<\/div>\n\t\t\t\t<\/div>\n\t\t<div class=\"elementor-element elementor-element-9db88dd e-flex e-con-boxed e-con e-parent\" data-id=\"9db88dd\" data-element_type=\"container\" data-settings=\"{&quot;jet_parallax_layout_list&quot;:[]}\">\n\t\t\t\t\t<div class=\"e-con-inner\">\n\t\t\t\t<div class=\"elementor-element elementor-element-011b736 elementor-widget elementor-widget-heading\" data-id=\"011b736\" data-element_type=\"widget\" data-widget_type=\"heading.default\">\n\t\t\t\t<div class=\"elementor-widget-container\">\n\t\t\t\t\t<h2 class=\"elementor-heading-title elementor-size-default\">Nosso muito obrigado<br>\naos parceiros e apoiadores!<\/h2>\t\t\t\t<\/div>\n\t\t\t\t<\/div>\n\t\t<div class=\"elementor-element elementor-element-5fb4978 e-con-full e-flex e-con e-child\" data-id=\"5fb4978\" data-element_type=\"container\" data-settings=\"{&quot;jet_parallax_layout_list&quot;:[]}\">\n\t\t<div class=\"elementor-element elementor-element-41cd263 e-con-full e-flex e-con e-child\" data-id=\"41cd263\" data-element_type=\"container\" data-settings=\"{&quot;jet_parallax_layout_list&quot;:[]}\">\n\t\t<div class=\"elementor-element elementor-element-c189f5b e-con-full e-flex e-con e-child\" data-id=\"c189f5b\" data-element_type=\"container\" data-settings=\"{&quot;jet_parallax_layout_list&quot;:[]}\">\n\t\t\t\t<div class=\"elementor-element elementor-element-2f77ef5 elementor-widget elementor-widget-heading\" data-id=\"2f77ef5\" data-element_type=\"widget\" data-widget_type=\"heading.default\">\n\t\t\t\t<div class=\"elementor-widget-container\">\n\t\t\t\t\t<h2 class=\"elementor-heading-title elementor-size-default\">REALIZA\u00c7\u00c3O<\/h2>\t\t\t\t<\/div>\n\t\t\t\t<\/div>\n\t\t\t\t<div class=\"elementor-element elementor-element-8f62c2c elementor-widget elementor-widget-image\" data-id=\"8f62c2c\" data-element_type=\"widget\" data-widget_type=\"image.default\">\n\t\t\t\t<div class=\"elementor-widget-container\">\n\t\t\t\t\t\t\t\t\t\t\t\t\t\t\t<img decoding=\"async\" width=\"150\" height=\"150\" src=\"https:\/\/lp.sbfa.org.br\/cbfa2025\/wp-content\/uploads\/2025\/03\/cropped-image3-150x150.png\" class=\"attachment-thumbnail size-thumbnail wp-image-1005\" alt=\"\" srcset=\"https:\/\/lp.sbfa.org.br\/cbfa2025\/wp-content\/uploads\/2025\/03\/cropped-image3-150x150.png 150w, https:\/\/lp.sbfa.org.br\/cbfa2025\/wp-content\/uploads\/2025\/03\/cropped-image3-300x300.png 300w, https:\/\/lp.sbfa.org.br\/cbfa2025\/wp-content\/uploads\/2025\/03\/cropped-image3.png 512w\" sizes=\"(max-width: 150px) 100vw, 150px\" \/>\t\t\t\t\t\t\t\t\t\t\t\t\t\t\t<\/div>\n\t\t\t\t<\/div>\n\t\t\t\t<\/div>\n\t\t<div class=\"elementor-element elementor-element-1c9d9b7 e-con-full e-flex e-con e-child\" data-id=\"1c9d9b7\" data-element_type=\"container\" data-settings=\"{&quot;jet_parallax_layout_list&quot;:[]}\">\n\t\t\t\t<div class=\"elementor-element elementor-element-98697a1 elementor-widget elementor-widget-heading\" data-id=\"98697a1\" data-element_type=\"widget\" data-widget_type=\"heading.default\">\n\t\t\t\t<div class=\"elementor-widget-container\">\n\t\t\t\t\t<h2 class=\"elementor-heading-title elementor-size-default\">ORGANIZA\u00c7\u00c3O<\/h2>\t\t\t\t<\/div>\n\t\t\t\t<\/div>\n\t\t\t\t<div class=\"elementor-element elementor-element-be274c7 elementor-widget elementor-widget-image\" data-id=\"be274c7\" data-element_type=\"widget\" data-widget_type=\"image.default\">\n\t\t\t\t<div class=\"elementor-widget-container\">\n\t\t\t\t\t\t\t\t\t\t\t\t\t\t\t<img decoding=\"async\" width=\"150\" height=\"150\" src=\"https:\/\/lp.sbfa.org.br\/cbfa2025\/wp-content\/uploads\/2025\/03\/image4-1-150x150.png\" class=\"attachment-thumbnail size-thumbnail wp-image-1008\" alt=\"\" srcset=\"https:\/\/lp.sbfa.org.br\/cbfa2025\/wp-content\/uploads\/2025\/03\/image4-1-150x150.png 150w, https:\/\/lp.sbfa.org.br\/cbfa2025\/wp-content\/uploads\/2025\/03\/image4-1.png 225w\" sizes=\"(max-width: 150px) 100vw, 150px\" \/>\t\t\t\t\t\t\t\t\t\t\t\t\t\t\t<\/div>\n\t\t\t\t<\/div>\n\t\t\t\t<\/div>\n\t\t\t\t<\/div>\n\t\t\t\t<\/div>\n\t\t\t\t\t<\/div>\n\t\t\t\t<\/div>\n\t\t\t\t<\/div>\n\t\t","protected":false},"excerpt":{"rendered":"<p>O Evento CBFa 2025: A Maior Experi\u00eancia da Fonoaudiologia 33\u00ba Congresso Brasileiro de Fonoaudiologia (CBFa 2025) O 33\u00ba Congresso Brasileiro de Fonoaudiologia (CBFa 2025) ser\u00e1 um marco na hist\u00f3ria da Fonoaudiologia, oferecendo uma experi\u00eancia \u00fanica para profissionais, estudantes e especialistas da \u00e1rea. Em 2025, convidamos voc\u00ea a se juntar a n\u00f3s em uma jornada transformadora [&hellip;]<\/p>\n","protected":false},"author":1,"featured_media":0,"parent":0,"menu_order":0,"comment_status":"closed","ping_status":"closed","template":"","meta":{"footnotes":""},"class_list":["post-515","page","type-page","status-publish","hentry"],"_links":{"self":[{"href":"https:\/\/lp.sbfa.org.br\/cbfa2025\/wp-json\/wp\/v2\/pages\/515","targetHints":{"allow":["GET"]}}],"collection":[{"href":"https:\/\/lp.sbfa.org.br\/cbfa2025\/wp-json\/wp\/v2\/pages"}],"about":[{"href":"https:\/\/lp.sbfa.org.br\/cbfa2025\/wp-json\/wp\/v2\/types\/page"}],"author":[{"embeddable":true,"href":"https:\/\/lp.sbfa.org.br\/cbfa2025\/wp-json\/wp\/v2\/users\/1"}],"replies":[{"embeddable":true,"href":"https:\/\/lp.sbfa.org.br\/cbfa2025\/wp-json\/wp\/v2\/comments?post=515"}],"version-history":[{"count":25,"href":"https:\/\/lp.sbfa.org.br\/cbfa2025\/wp-json\/wp\/v2\/pages\/515\/revisions"}],"predecessor-version":[{"id":1077,"href":"https:\/\/lp.sbfa.org.br\/cbfa2025\/wp-json\/wp\/v2\/pages\/515\/revisions\/1077"}],"wp:attachment":[{"href":"https:\/\/lp.sbfa.org.br\/cbfa2025\/wp-json\/wp\/v2\/media?parent=515"}],"curies":[{"name":"wp","href":"https:\/\/api.w.org\/{rel}","templated":true}]}}